{"id":25,"date":"2020-02-05T13:49:12","date_gmt":"2020-02-05T13:49:12","guid":{"rendered":"http:\/\/krsnakathadasi.uk\/?page_id=25"},"modified":"2024-04-29T18:21:14","modified_gmt":"2024-04-29T18:21:14","slug":"krsnakatha-dasi-about-katalin-ubornyak-london","status":"publish","type":"page","link":"https:\/\/krsnakathadasi.uk\/?page_id=25","title":{"rendered":"About"},"content":{"rendered":"\t\t<div data-elementor-type=\"wp-page\" data-elementor-id=\"25\" class=\"elementor elementor-25\">\n\t\t\t\t\t\t<section class=\"elementor-section elementor-top-section elementor-element elementor-element-cad2f75 elementor-section-boxed elementor-section-height-default elementor-section-height-default\" data-id=\"cad2f75\" data-element_type=\"section\" data-e-type=\"section\">\n\t\t\t\t\t\t<div class=\"elementor-container elementor-column-gap-default\">\n\t\t\t\t\t<div class=\"elementor-column elementor-col-100 elementor-top-column elementor-element elementor-element-604c8bc8\" data-id=\"604c8bc8\" data-element_type=\"column\" data-e-type=\"column\">\n\t\t\t<div class=\"elementor-widget-wrap elementor-element-populated\">\n\t\t\t\t\t\t<div class=\"elementor-element elementor-element-f861e0d elementor-widget elementor-widget-text-editor\" data-id=\"f861e0d\" data-element_type=\"widget\" data-e-type=\"widget\" data-widget_type=\"text-editor.default\">\n\t\t\t\t<div class=\"elementor-widget-container\">\n\t\t\t\t\t\t\t\t\t<p><\/p>\n<p><img decoding=\"async\" class=\"alignleft wp-image-58 size-thumbnail\" src=\"https:\/\/krsnakathadasi.uk\/wp-content\/uploads\/2020\/02\/Berlin_kd_Anabella_800-150x150.jpg\" alt=\"Krsnakatha Dasi\" width=\"150\" height=\"150\" \/><\/p>\n<p>\u00a0<\/p>\n<p><strong>Krsnakatha Dasi<\/strong> is a Hungarian born painter from London, who use the traditional symbols in a new aspect, combines iconography and art. Her style is symbolism involving meditative or\u00a0<a href=\"http:\/\/artyoga.org.uk\/\" target=\"_blank\" rel=\"noopener\"> &#8220;Art Yoga&#8221;<\/a> method , which is her main subject.<\/p>\n<p><\/p>\n<p>For her painting a way to understand this world, to find the right\u00a0 place and way to be connected, to find the absolute value. Painting is a spiritual practice, meditation, which can help to find the missing contact between man and the Absolute. It is much above pleasure, joy or self-expression.<\/p>\n<p><\/p>\n<p>She\u2019s been committed to Asian art from her teens and therefore moved to India for a few years. She learned the Indian meaning of art: it was a revelation for her to \u00a0understand the connection between philosophy and art. In India she got a good \u00a0opportunity to practice her meditative technique. She \u00a0took part \u00a0in workshops and exhibitions, mostly in New Delhi. When she came back to Europe she had more exhibitions. She is living in the UK now, worked and exhibited with Bromley Art Society. She \u00a0writes articles, \u00a0gives lectures and organizes retreats \u00a0focusing on art and <a href=\"http:\/\/artyoga.org.uk\/\" target=\"_blank\" rel=\"noopener\">Art Yoga.<\/a><\/p>\n<p><\/p>\n<p>She published a book about Rabintranath Tagore in 2004 and a photo album in 2012\u00a0 &#8211; <a href=\"http:\/\/www.sunriseludasto.com\/\" target=\"_blank\" rel=\"noopener\">Sunrise<\/a> &#8211; about Ludas-t\u00f3 (Hungary) with the text of Hansakunda Upanishad.<\/p>\n<p>\u00a0<\/p>\n<p><\/p>\n<h3><strong>Solo<\/strong><\/h3>\n<p><\/p>\n<p>1993 HICC \u2013 New Delhi &#8211; India<\/p>\n<p><\/p>\n<p>1993 AIFACS \u2013 New Delhi India<\/p>\n<p><\/p>\n<p>1994 Jain Gallery \u2013 New Delhi \u2013 India<\/p>\n<p><\/p>\n<p>1994 Jangpura Gallery \u2013 New Delhi \u2013 India<\/p>\n<p><\/p>\n<p>1996 M\u0171vel\u0151d\u00e9si h\u00e1z, T\u00f6r\u00f6kb\u00e1lint , Hungary<\/p>\n<p><\/p>\n<p>1997 M\u0171vel\u0151d\u00e9si h\u00e1z, Lad\u00e1nybene, Hungary<\/p>\n<p><\/p>\n<p>2001 Kecskem\u00e9t Liga K\u00f6nyvt\u00e1r, Hungary<\/p>\n<p><\/p>\n<p>2002 Lajosmizse M\u0171vel\u0151d\u00e9si h\u00e1z, Hungary<\/p>\n<p><\/p>\n<p>2003 Gy\u0151r M\u0171vel\u0151d\u00e9si h\u00e1z, Hungary<\/p>\n<p><\/p>\n<p>2006 Nehru Centre, London, UK<\/p>\n<p><\/p>\n<p>2010 Bromley Art Centre, London, UK<\/p>\n<p><\/p>\n<p>2018 Repley Art Centre, London, UK<\/p>\n<p><\/p>\n<p>2019 Glastonbury, UK<\/p>\n<p>\u00a0<\/p>\n<p><\/p>\n<h3><strong>Group<\/strong><\/h3>\n<p><\/p>\n<p>1995 Workshop and exhibition Delhi Gallery, India<\/p>\n<p><\/p>\n<p>1995 Auction for Tibet and exhibition, New Delhi, India<\/p>\n<p><\/p>\n<p>1999 Lajosmizse Workshop and exhibition, Hungary<\/p>\n<p><\/p>\n<p>2000 Lajosmizse Workshop and exhibition, Hungary<\/p>\n<p><\/p>\n<p>2000 Exhibition in Vienna, Austria<\/p>\n<p><\/p>\n<p>2016 Bromley Library, London, UK<\/p>\n<p><\/p>\n<p>2016 Stanley Hall, London, UK<\/p>\n<p><\/p>\n<p>2017 Horniman Museum, London, UK<\/p>\n<p><\/p>\n<p>2017 Ripley Art Gallery, London, LUK<\/p>\n<p><\/p>\n<p>2018 Horniman Museum, London, UK<\/p>\n<p><\/p>\n<p>2018 Ripley Art Centre, London, UK<\/p>\n<p><\/p>\n<p>2018 Glades Bromley, UK<\/p>\n<p>\u00a0<\/p>\n<p><\/p>\t\t\t\t\t\t\t\t<\/div>\n\t\t\t\t<\/div>\n\t\t\t\t\t<\/div>\n\t\t<\/div>\n\t\t\t\t\t<\/div>\n\t\t<\/section>\n\t\t\t\t<\/div>\n\t\t","protected":false},"excerpt":{"rendered":"<p>&nbsp; Krsnakatha Dasi is a Hungarian born painter from London, who uses the traditional symbols in a new aspect, combines iconography and art. Her style . . .<\/p>\n","protected":false},"author":1,"featured_media":0,"parent":0,"menu_order":0,"comment_status":"closed","ping_status":"closed","template":"","meta":{"om_disable_all_campaigns":false,"_monsterinsights_skip_tracking":false,"_monsterinsights_sitenote_active":false,"_monsterinsights_sitenote_note":"","_monsterinsights_sitenote_category":0,"footnotes":""},"class_list":["post-25","page","type-page","status-publish","hentry"],"aioseo_notices":[],"yoast_head":"<!-- This site is optimized with the Yoast SEO plugin v27.4 - https:\/\/yoast.com\/product\/yoast-seo-wordpress\/ -->\n<title>About - Krsnakatha Dasi About - Krsnakatha Dasi %<\/title>\n<meta name=\"description\" content=\"About Krsnakatha Dasi - Krsnakatha Dasi, Katalin Ubornyak, London Art, Painting, Oil Painting, drawing, India, Delhi Exhibitions, Fine Art\" \/>\n<meta name=\"robots\" content=\"index, follow, max-snippet:-1, max-image-preview:large, max-video-preview:-1\" \/>\n<link rel=\"canonical\" href=\"https:\/\/krsnakathadasi.uk\/?page_id=25\" \/>\n<meta property=\"og:locale\" content=\"en_GB\" \/>\n<meta property=\"og:type\" content=\"article\" \/>\n<meta property=\"og:title\" content=\"About - Krsnakatha Dasi About - Krsnakatha Dasi %\" \/>\n<meta property=\"og:description\" content=\"About Krsnakatha Dasi - Krsnakatha Dasi, Katalin Ubornyak, London Art, Painting, Oil Painting, drawing, India, Delhi Exhibitions, Fine Art\" \/>\n<meta property=\"og:url\" content=\"https:\/\/krsnakathadasi.uk\/?page_id=25\" \/>\n<meta property=\"og:site_name\" content=\"Krsnakatha Dasi\" \/>\n<meta property=\"article:modified_time\" content=\"2024-04-29T18:21:14+00:00\" \/>\n<meta property=\"og:image\" content=\"http:\/\/krsnakathadasi.uk\/wp-content\/uploads\/2020\/02\/Berlin_kd_Anabella_800-150x150.jpg\" \/>\n<meta name=\"twitter:card\" content=\"summary_large_image\" \/>\n<meta name=\"twitter:label1\" content=\"Estimated reading time\" \/>\n\t<meta name=\"twitter:data1\" content=\"2 minutes\" \/>\n<script type=\"application\/ld+json\" class=\"yoast-schema-graph\">{\"@context\":\"https:\\\/\\\/schema.org\",\"@graph\":[{\"@type\":\"WebPage\",\"@id\":\"https:\\\/\\\/krsnakathadasi.uk\\\/?page_id=25\",\"url\":\"https:\\\/\\\/krsnakathadasi.uk\\\/?page_id=25\",\"name\":\"About - Krsnakatha Dasi About - Krsnakatha Dasi %\",\"isPartOf\":{\"@id\":\"https:\\\/\\\/krsnakathadasi.uk\\\/#website\"},\"primaryImageOfPage\":{\"@id\":\"https:\\\/\\\/krsnakathadasi.uk\\\/?page_id=25#primaryimage\"},\"image\":{\"@id\":\"https:\\\/\\\/krsnakathadasi.uk\\\/?page_id=25#primaryimage\"},\"thumbnailUrl\":\"http:\\\/\\\/krsnakathadasi.uk\\\/wp-content\\\/uploads\\\/2020\\\/02\\\/Berlin_kd_Anabella_800-150x150.jpg\",\"datePublished\":\"2020-02-05T13:49:12+00:00\",\"dateModified\":\"2024-04-29T18:21:14+00:00\",\"description\":\"About Krsnakatha Dasi - Krsnakatha Dasi, Katalin Ubornyak, London Art, Painting, Oil Painting, drawing, India, Delhi Exhibitions, Fine Art\",\"breadcrumb\":{\"@id\":\"https:\\\/\\\/krsnakathadasi.uk\\\/?page_id=25#breadcrumb\"},\"inLanguage\":\"en-GB\",\"potentialAction\":[{\"@type\":\"ReadAction\",\"target\":[\"https:\\\/\\\/krsnakathadasi.uk\\\/?page_id=25\"]}]},{\"@type\":\"ImageObject\",\"inLanguage\":\"en-GB\",\"@id\":\"https:\\\/\\\/krsnakathadasi.uk\\\/?page_id=25#primaryimage\",\"url\":\"http:\\\/\\\/krsnakathadasi.uk\\\/wp-content\\\/uploads\\\/2020\\\/02\\\/Berlin_kd_Anabella_800-150x150.jpg\",\"contentUrl\":\"http:\\\/\\\/krsnakathadasi.uk\\\/wp-content\\\/uploads\\\/2020\\\/02\\\/Berlin_kd_Anabella_800-150x150.jpg\"},{\"@type\":\"BreadcrumbList\",\"@id\":\"https:\\\/\\\/krsnakathadasi.uk\\\/?page_id=25#breadcrumb\",\"itemListElement\":[{\"@type\":\"ListItem\",\"position\":1,\"name\":\"Home\",\"item\":\"https:\\\/\\\/krsnakathadasi.uk\\\/\"},{\"@type\":\"ListItem\",\"position\":2,\"name\":\"About\"}]},{\"@type\":\"WebSite\",\"@id\":\"https:\\\/\\\/krsnakathadasi.uk\\\/#website\",\"url\":\"https:\\\/\\\/krsnakathadasi.uk\\\/\",\"name\":\"krsnakathadasi.uk\",\"description\":\"Visual Artist\",\"alternateName\":\"Krsnakatha Dasi\",\"potentialAction\":[{\"@type\":\"SearchAction\",\"target\":{\"@type\":\"EntryPoint\",\"urlTemplate\":\"https:\\\/\\\/krsnakathadasi.uk\\\/?s={search_term_string}\"},\"query-input\":{\"@type\":\"PropertyValueSpecification\",\"valueRequired\":true,\"valueName\":\"search_term_string\"}}],\"inLanguage\":\"en-GB\"}]}<\/script>\n<!-- \/ Yoast SEO plugin. -->","yoast_head_json":{"title":"About - Krsnakatha Dasi About - Krsnakatha Dasi %","description":"About Krsnakatha Dasi - Krsnakatha Dasi, Katalin Ubornyak, London Art, Painting, Oil Painting, drawing, India, Delhi Exhibitions, Fine Art","robots":{"index":"index","follow":"follow","max-snippet":"max-snippet:-1","max-image-preview":"max-image-preview:large","max-video-preview":"max-video-preview:-1"},"canonical":"https:\/\/krsnakathadasi.uk\/?page_id=25","og_locale":"en_GB","og_type":"article","og_title":"About - Krsnakatha Dasi About - Krsnakatha Dasi %","og_description":"About Krsnakatha Dasi - Krsnakatha Dasi, Katalin Ubornyak, London Art, Painting, Oil Painting, drawing, India, Delhi Exhibitions, Fine Art","og_url":"https:\/\/krsnakathadasi.uk\/?page_id=25","og_site_name":"Krsnakatha Dasi","article_modified_time":"2024-04-29T18:21:14+00:00","og_image":[{"url":"http:\/\/krsnakathadasi.uk\/wp-content\/uploads\/2020\/02\/Berlin_kd_Anabella_800-150x150.jpg","type":"","width":"","height":""}],"twitter_card":"summary_large_image","twitter_misc":{"Estimated reading time":"2 minutes"},"schema":{"@context":"https:\/\/schema.org","@graph":[{"@type":"WebPage","@id":"https:\/\/krsnakathadasi.uk\/?page_id=25","url":"https:\/\/krsnakathadasi.uk\/?page_id=25","name":"About - Krsnakatha Dasi About - Krsnakatha Dasi %","isPartOf":{"@id":"https:\/\/krsnakathadasi.uk\/#website"},"primaryImageOfPage":{"@id":"https:\/\/krsnakathadasi.uk\/?page_id=25#primaryimage"},"image":{"@id":"https:\/\/krsnakathadasi.uk\/?page_id=25#primaryimage"},"thumbnailUrl":"http:\/\/krsnakathadasi.uk\/wp-content\/uploads\/2020\/02\/Berlin_kd_Anabella_800-150x150.jpg","datePublished":"2020-02-05T13:49:12+00:00","dateModified":"2024-04-29T18:21:14+00:00","description":"About Krsnakatha Dasi - Krsnakatha Dasi, Katalin Ubornyak, London Art, Painting, Oil Painting, drawing, India, Delhi Exhibitions, Fine Art","breadcrumb":{"@id":"https:\/\/krsnakathadasi.uk\/?page_id=25#breadcrumb"},"inLanguage":"en-GB","potentialAction":[{"@type":"ReadAction","target":["https:\/\/krsnakathadasi.uk\/?page_id=25"]}]},{"@type":"ImageObject","inLanguage":"en-GB","@id":"https:\/\/krsnakathadasi.uk\/?page_id=25#primaryimage","url":"http:\/\/krsnakathadasi.uk\/wp-content\/uploads\/2020\/02\/Berlin_kd_Anabella_800-150x150.jpg","contentUrl":"http:\/\/krsnakathadasi.uk\/wp-content\/uploads\/2020\/02\/Berlin_kd_Anabella_800-150x150.jpg"},{"@type":"BreadcrumbList","@id":"https:\/\/krsnakathadasi.uk\/?page_id=25#breadcrumb","itemListElement":[{"@type":"ListItem","position":1,"name":"Home","item":"https:\/\/krsnakathadasi.uk\/"},{"@type":"ListItem","position":2,"name":"About"}]},{"@type":"WebSite","@id":"https:\/\/krsnakathadasi.uk\/#website","url":"https:\/\/krsnakathadasi.uk\/","name":"krsnakathadasi.uk","description":"Visual Artist","alternateName":"Krsnakatha Dasi","potentialAction":[{"@type":"SearchAction","target":{"@type":"EntryPoint","urlTemplate":"https:\/\/krsnakathadasi.uk\/?s={search_term_string}"},"query-input":{"@type":"PropertyValueSpecification","valueRequired":true,"valueName":"search_term_string"}}],"inLanguage":"en-GB"}]}},"_links":{"self":[{"href":"https:\/\/krsnakathadasi.uk\/index.php?rest_route=\/wp\/v2\/pages\/25","targetHints":{"allow":["GET"]}}],"collection":[{"href":"https:\/\/krsnakathadasi.uk\/index.php?rest_route=\/wp\/v2\/pages"}],"about":[{"href":"https:\/\/krsnakathadasi.uk\/index.php?rest_route=\/wp\/v2\/types\/page"}],"author":[{"embeddable":true,"href":"https:\/\/krsnakathadasi.uk\/index.php?rest_route=\/wp\/v2\/users\/1"}],"replies":[{"embeddable":true,"href":"https:\/\/krsnakathadasi.uk\/index.php?rest_route=%2Fwp%2Fv2%2Fcomments&post=25"}],"version-history":[{"count":28,"href":"https:\/\/krsnakathadasi.uk\/index.php?rest_route=\/wp\/v2\/pages\/25\/revisions"}],"predecessor-version":[{"id":344,"href":"https:\/\/krsnakathadasi.uk\/index.php?rest_route=\/wp\/v2\/pages\/25\/revisions\/344"}],"wp:attachment":[{"href":"https:\/\/krsnakathadasi.uk\/index.php?rest_route=%2Fwp%2Fv2%2Fmedia&parent=25"}],"curies":[{"name":"wp","href":"https:\/\/api.w.org\/{rel}","templated":true}]}}