{"id":27,"date":"2020-02-05T13:49:31","date_gmt":"2020-02-05T13:49:31","guid":{"rendered":"http:\/\/krsnakathadasi.uk\/?page_id=27"},"modified":"2025-02-02T19:00:58","modified_gmt":"2025-02-02T19:00:58","slug":"exhibitions-krsnaktha-dasi","status":"publish","type":"page","link":"https:\/\/krsnakathadasi.uk\/?page_id=27","title":{"rendered":"Exhibitions"},"content":{"rendered":"\t\t<div data-elementor-type=\"wp-page\" data-elementor-id=\"27\" class=\"elementor elementor-27\">\n\t\t\t\t\t\t<section class=\"elementor-section elementor-top-section elementor-element elementor-element-18286407 elementor-section-boxed elementor-section-height-default elementor-section-height-default\" data-id=\"18286407\" data-element_type=\"section\" data-e-type=\"section\">\n\t\t\t\t\t\t<div class=\"elementor-container elementor-column-gap-default\">\n\t\t\t\t\t<div class=\"elementor-column elementor-col-100 elementor-top-column elementor-element elementor-element-3c24094b\" data-id=\"3c24094b\" data-element_type=\"column\" data-e-type=\"column\">\n\t\t\t<div class=\"elementor-widget-wrap elementor-element-populated\">\n\t\t\t\t\t\t<div class=\"elementor-element elementor-element-611c4283 elementor-widget elementor-widget-text-editor\" data-id=\"611c4283\" data-element_type=\"widget\" data-e-type=\"widget\" data-widget_type=\"text-editor.default\">\n\t\t\t\t<div class=\"elementor-widget-container\">\n\t\t\t\t\t\t\t\t\t<p><\/p>\n<h2><img fetchpriority=\"high\" decoding=\"async\" class=\"alignnone size-medium wp-image-109\" src=\"https:\/\/krsnakathadasi.uk\/wp-content\/uploads\/2020\/02\/IMG_1727-300x200.jpg\" alt=\"\" width=\"300\" height=\"200\" srcset=\"https:\/\/krsnakathadasi.uk\/wp-content\/uploads\/2020\/02\/IMG_1727-300x200.jpg 300w, https:\/\/krsnakathadasi.uk\/wp-content\/uploads\/2020\/02\/IMG_1727-1024x683.jpg 1024w, https:\/\/krsnakathadasi.uk\/wp-content\/uploads\/2020\/02\/IMG_1727-768x512.jpg 768w, https:\/\/krsnakathadasi.uk\/wp-content\/uploads\/2020\/02\/IMG_1727-1536x1024.jpg 1536w, https:\/\/krsnakathadasi.uk\/wp-content\/uploads\/2020\/02\/IMG_1727-2048x1365.jpg 2048w\" sizes=\"(max-width: 300px) 100vw, 300px\" \/><\/h2>\n<h2>\u00a0<\/h2>\n<h2>\u00a0<\/h2>\n<h2>\u00a0<\/h2>\n<h2>Solo<\/h2>\n<p>\u00a0<\/p>\n<p><\/p>\n<p>\u00a0<\/p>\n<p>1993 HICC \u2013 New Delhi \u2013 India<\/p>\n<p><\/p>\n<p>1993 AIFACS \u2013 New Delhi India<\/p>\n<p><\/p>\n<p>1994 Jain Gallery \u2013 New Delhi \u2013 India<\/p>\n<p><\/p>\n<p>1994 Jangpura Gallery \u2013 New Delhi \u2013 India<\/p>\n<p><\/p>\n<p>1996 M\u0171vel\u0151d\u00e9si h\u00e1z, T\u00f6r\u00f6kb\u00e1lint , Hungary<\/p>\n<p><\/p>\n<p>1997 M\u0171vel\u0151d\u00e9si h\u00e1z, Lad\u00e1nybene, Hungary<\/p>\n<p><\/p>\n<p>2001 Kecskem\u00e9t Liga K\u00f6nyvt\u00e1r, Hungary<\/p>\n<p><\/p>\n<p>2002 Lajosmizse M\u0171vel\u0151d\u00e9si h\u00e1z, Hungary<\/p>\n<p><\/p>\n<p>2003 Gy\u0151r M\u0171vel\u0151d\u00e9si h\u00e1z, Hungary<\/p>\n<p><\/p>\n<p>2006 Nehru Centre, London, UK<\/p>\n<p><\/p>\n<p>2010 Bromley Art Centre, London, UK<\/p>\n<p><\/p>\n<p>2018 Repley Art Centre, London, UK<\/p>\n<p><\/p>\n<p>2019 Glastonbury Galleries, UK<\/p>\n<p><\/p>\n<h2>\u00a0<\/h2>\n<h2>\u00a0<\/h2>\n<div><img decoding=\"async\" class=\"alignnone size-medium wp-image-110\" src=\"https:\/\/krsnakathadasi.uk\/wp-content\/uploads\/2020\/02\/IMG_1798_B_small-300x200.jpg\" alt=\"\" width=\"300\" height=\"200\" srcset=\"https:\/\/krsnakathadasi.uk\/wp-content\/uploads\/2020\/02\/IMG_1798_B_small-300x200.jpg 300w, https:\/\/krsnakathadasi.uk\/wp-content\/uploads\/2020\/02\/IMG_1798_B_small-1024x683.jpg 1024w, https:\/\/krsnakathadasi.uk\/wp-content\/uploads\/2020\/02\/IMG_1798_B_small-768x512.jpg 768w, https:\/\/krsnakathadasi.uk\/wp-content\/uploads\/2020\/02\/IMG_1798_B_small-1536x1024.jpg 1536w, https:\/\/krsnakathadasi.uk\/wp-content\/uploads\/2020\/02\/IMG_1798_B_small.jpg 1600w\" sizes=\"(max-width: 300px) 100vw, 300px\" \/><\/div>\n<div>\u00a0<\/div>\n<h2>Group<\/h2>\n<p><\/p>\n<p>1995 Workshop and exhibition Delhi Gallery, India<\/p>\n<p><\/p>\n<p>1995 Auction for Tibet and exhibition, New Delhi, India<\/p>\n<p><\/p>\n<p>1999 Lajosmizse Workshop and exhibition, Hungary<\/p>\n<p><\/p>\n<p>2000 Lajosmizse Workshop and exhibition, Hungary<\/p>\n<p><\/p>\n<p>2000 Exhibition in Vienna, Austria<\/p>\n<p><\/p>\n<p>2016 Bromley Library, London, UK<\/p>\n<p><\/p>\n<p>2016 Stanley Hall, London, UK<\/p>\n<p><\/p>\n<p>2017 Horniman Museum, London, UK<\/p>\n<p><\/p>\n<p>2017 Ripley Art Gallery, London, LUK<\/p>\n<p><\/p>\n<p>2018 Horniman Museum, London, UK<\/p>\n<p><\/p>\n<p>2018 Ripley Art Centre, London, UK<\/p>\n<p><\/p>\n<p>2018 Glades Bromley<\/p>\n<p>\u00a0<\/p>\n<p><img decoding=\"async\" class=\"alignnone size-medium wp-image-118\" src=\"https:\/\/krsnakathadasi.uk\/wp-content\/uploads\/2020\/02\/Nehru-Centre_croped1-300x150.jpg\" alt=\"\" width=\"300\" height=\"150\" srcset=\"https:\/\/krsnakathadasi.uk\/wp-content\/uploads\/2020\/02\/Nehru-Centre_croped1-300x150.jpg 300w, https:\/\/krsnakathadasi.uk\/wp-content\/uploads\/2020\/02\/Nehru-Centre_croped1-1024x512.jpg 1024w, https:\/\/krsnakathadasi.uk\/wp-content\/uploads\/2020\/02\/Nehru-Centre_croped1-768x384.jpg 768w, https:\/\/krsnakathadasi.uk\/wp-content\/uploads\/2020\/02\/Nehru-Centre_croped1.jpg 1200w\" sizes=\"(max-width: 300px) 100vw, 300px\" \/><\/p>\n<p>\u00a0<\/p>\n<p>\u00a0<\/p>\n<p><img loading=\"lazy\" decoding=\"async\" class=\"alignnone size-medium wp-image-115\" src=\"https:\/\/krsnakathadasi.uk\/wp-content\/uploads\/2020\/02\/Horiman-Museum_croped1-300x150.jpg\" alt=\"\" width=\"300\" height=\"150\" srcset=\"https:\/\/krsnakathadasi.uk\/wp-content\/uploads\/2020\/02\/Horiman-Museum_croped1-300x150.jpg 300w, https:\/\/krsnakathadasi.uk\/wp-content\/uploads\/2020\/02\/Horiman-Museum_croped1-1024x512.jpg 1024w, https:\/\/krsnakathadasi.uk\/wp-content\/uploads\/2020\/02\/Horiman-Museum_croped1-768x384.jpg 768w, https:\/\/krsnakathadasi.uk\/wp-content\/uploads\/2020\/02\/Horiman-Museum_croped1.jpg 1200w\" sizes=\"(max-width: 300px) 100vw, 300px\" \/><\/p>\n<p>\u00a0<\/p>\n<p>\u00a0<\/p>\n<p><img loading=\"lazy\" decoding=\"async\" class=\"size-medium wp-image-116\" src=\"https:\/\/krsnakathadasi.uk\/wp-content\/uploads\/2020\/02\/Horniman-Musaeum_croped2-300x150.jpg\" alt=\"\" width=\"300\" height=\"150\" srcset=\"https:\/\/krsnakathadasi.uk\/wp-content\/uploads\/2020\/02\/Horniman-Musaeum_croped2-300x150.jpg 300w, https:\/\/krsnakathadasi.uk\/wp-content\/uploads\/2020\/02\/Horniman-Musaeum_croped2-1024x512.jpg 1024w, https:\/\/krsnakathadasi.uk\/wp-content\/uploads\/2020\/02\/Horniman-Musaeum_croped2-768x384.jpg 768w, https:\/\/krsnakathadasi.uk\/wp-content\/uploads\/2020\/02\/Horniman-Musaeum_croped2.jpg 1200w\" sizes=\"(max-width: 300px) 100vw, 300px\" \/><\/p>\n<p>\u00a0<\/p>\n<p>\u00a0<\/p>\n<p><img loading=\"lazy\" decoding=\"async\" class=\"alignnone size-medium wp-image-113\" src=\"https:\/\/krsnakathadasi.uk\/wp-content\/uploads\/2020\/02\/Bromley-library_croped-300x150.jpg\" alt=\"\" width=\"300\" height=\"150\" srcset=\"https:\/\/krsnakathadasi.uk\/wp-content\/uploads\/2020\/02\/Bromley-library_croped-300x150.jpg 300w, https:\/\/krsnakathadasi.uk\/wp-content\/uploads\/2020\/02\/Bromley-library_croped-1024x512.jpg 1024w, https:\/\/krsnakathadasi.uk\/wp-content\/uploads\/2020\/02\/Bromley-library_croped-768x384.jpg 768w, https:\/\/krsnakathadasi.uk\/wp-content\/uploads\/2020\/02\/Bromley-library_croped.jpg 1200w\" sizes=\"(max-width: 300px) 100vw, 300px\" \/><\/p>\n<p><\/p>\n<p>\u00a0<\/p>\n<p>\u00a0<\/p>\n<p><img loading=\"lazy\" decoding=\"async\" class=\"size-medium wp-image-112\" src=\"https:\/\/krsnakathadasi.uk\/wp-content\/uploads\/2020\/02\/Beckenham-Palace-_croped1-300x150.jpg\" alt=\"\" width=\"300\" height=\"150\" srcset=\"https:\/\/krsnakathadasi.uk\/wp-content\/uploads\/2020\/02\/Beckenham-Palace-_croped1-300x150.jpg 300w, https:\/\/krsnakathadasi.uk\/wp-content\/uploads\/2020\/02\/Beckenham-Palace-_croped1-1024x512.jpg 1024w, https:\/\/krsnakathadasi.uk\/wp-content\/uploads\/2020\/02\/Beckenham-Palace-_croped1-768x384.jpg 768w, https:\/\/krsnakathadasi.uk\/wp-content\/uploads\/2020\/02\/Beckenham-Palace-_croped1.jpg 1200w\" sizes=\"(max-width: 300px) 100vw, 300px\" \/><\/p>\n<p><\/p>\n<p>\u00a0<\/p>\n<p><\/p>\n<p><\/p>\n<p><\/p>\n<p>\u00a0<\/p>\n<p><\/p>\t\t\t\t\t\t\t\t<\/div>\n\t\t\t\t<\/div>\n\t\t\t\t\t<\/div>\n\t\t<\/div>\n\t\t\t\t\t<\/div>\n\t\t<\/section>\n\t\t\t\t<\/div>\n\t\t","protected":false},"excerpt":{"rendered":"<p>\u00a0 \u00a0 \u00a0 Solo \u00a0 \u00a0 1993 HICC \u2013 New Delhi \u2013 India 1993 AIFACS \u2013 New Delhi India 1994 Jain Gallery \u2013 New Delhi . . .<\/p>\n","protected":false},"author":1,"featured_media":0,"parent":0,"menu_order":0,"comment_status":"closed","ping_status":"closed","template":"","meta":{"om_disable_all_campaigns":false,"_monsterinsights_skip_tracking":false,"_monsterinsights_sitenote_active":false,"_monsterinsights_sitenote_note":"","_monsterinsights_sitenote_category":0,"footnotes":""},"class_list":["post-27","page","type-page","status-publish","hentry"],"aioseo_notices":[],"yoast_head":"<!-- This site is optimized with the Yoast SEO plugin v27.4 - https:\/\/yoast.com\/product\/yoast-seo-wordpress\/ -->\n<title>Exhibitions - Krsnakatha Dasi<\/title>\n<meta name=\"description\" content=\"Exhibitions Krsnakatha Dasi - Exhibitions, Krsnakatha Dasi, Katalin Ubornyak, Original Oil Painting, Meditativ Art, Art, Fine Art,\" \/>\n<meta name=\"robots\" content=\"index, follow, max-image-preview:large, max-video-preview:-1, nosnippet\" \/>\n<link rel=\"canonical\" href=\"https:\/\/krsnakathadasi.uk\/?page_id=27\" \/>\n<meta property=\"og:locale\" content=\"en_GB\" \/>\n<meta property=\"og:type\" content=\"article\" \/>\n<meta property=\"og:title\" content=\"Exhibitions - Krsnakatha Dasi\" \/>\n<meta property=\"og:description\" content=\"Exhibitions Krsnakatha Dasi - Exhibitions, Krsnakatha Dasi, Katalin Ubornyak, Original Oil Painting, Meditativ Art, Art, Fine Art,\" \/>\n<meta property=\"og:url\" content=\"https:\/\/krsnakathadasi.uk\/?page_id=27\" \/>\n<meta property=\"og:site_name\" content=\"Krsnakatha Dasi\" \/>\n<meta property=\"article:modified_time\" content=\"2025-02-02T19:00:58+00:00\" \/>\n<meta property=\"og:image\" content=\"http:\/\/krsnakathadasi.uk\/wp-content\/uploads\/2020\/02\/IMG_1727-300x200.jpg\" \/>\n<meta name=\"twitter:card\" content=\"summary_large_image\" \/>\n<meta name=\"twitter:label1\" content=\"Estimated reading time\" \/>\n\t<meta name=\"twitter:data1\" content=\"3 minutes\" \/>\n<script type=\"application\/ld+json\" class=\"yoast-schema-graph\">{\"@context\":\"https:\\\/\\\/schema.org\",\"@graph\":[{\"@type\":\"WebPage\",\"@id\":\"https:\\\/\\\/krsnakathadasi.uk\\\/?page_id=27\",\"url\":\"https:\\\/\\\/krsnakathadasi.uk\\\/?page_id=27\",\"name\":\"Exhibitions - Krsnakatha Dasi\",\"isPartOf\":{\"@id\":\"https:\\\/\\\/krsnakathadasi.uk\\\/#website\"},\"primaryImageOfPage\":{\"@id\":\"https:\\\/\\\/krsnakathadasi.uk\\\/?page_id=27#primaryimage\"},\"image\":{\"@id\":\"https:\\\/\\\/krsnakathadasi.uk\\\/?page_id=27#primaryimage\"},\"thumbnailUrl\":\"http:\\\/\\\/krsnakathadasi.uk\\\/wp-content\\\/uploads\\\/2020\\\/02\\\/IMG_1727-300x200.jpg\",\"datePublished\":\"2020-02-05T13:49:31+00:00\",\"dateModified\":\"2025-02-02T19:00:58+00:00\",\"description\":\"Exhibitions Krsnakatha Dasi - Exhibitions, Krsnakatha Dasi, Katalin Ubornyak, Original Oil Painting, Meditativ Art, Art, Fine Art,\",\"breadcrumb\":{\"@id\":\"https:\\\/\\\/krsnakathadasi.uk\\\/?page_id=27#breadcrumb\"},\"inLanguage\":\"en-GB\",\"potentialAction\":[{\"@type\":\"ReadAction\",\"target\":[\"https:\\\/\\\/krsnakathadasi.uk\\\/?page_id=27\"]}]},{\"@type\":\"ImageObject\",\"inLanguage\":\"en-GB\",\"@id\":\"https:\\\/\\\/krsnakathadasi.uk\\\/?page_id=27#primaryimage\",\"url\":\"http:\\\/\\\/krsnakathadasi.uk\\\/wp-content\\\/uploads\\\/2020\\\/02\\\/IMG_1727-300x200.jpg\",\"contentUrl\":\"http:\\\/\\\/krsnakathadasi.uk\\\/wp-content\\\/uploads\\\/2020\\\/02\\\/IMG_1727-300x200.jpg\"},{\"@type\":\"BreadcrumbList\",\"@id\":\"https:\\\/\\\/krsnakathadasi.uk\\\/?page_id=27#breadcrumb\",\"itemListElement\":[{\"@type\":\"ListItem\",\"position\":1,\"name\":\"Home\",\"item\":\"https:\\\/\\\/krsnakathadasi.uk\\\/\"},{\"@type\":\"ListItem\",\"position\":2,\"name\":\"Exhibitions\"}]},{\"@type\":\"WebSite\",\"@id\":\"https:\\\/\\\/krsnakathadasi.uk\\\/#website\",\"url\":\"https:\\\/\\\/krsnakathadasi.uk\\\/\",\"name\":\"krsnakathadasi.uk\",\"description\":\"Visual Artist\",\"alternateName\":\"Krsnakatha Dasi\",\"potentialAction\":[{\"@type\":\"SearchAction\",\"target\":{\"@type\":\"EntryPoint\",\"urlTemplate\":\"https:\\\/\\\/krsnakathadasi.uk\\\/?s={search_term_string}\"},\"query-input\":{\"@type\":\"PropertyValueSpecification\",\"valueRequired\":true,\"valueName\":\"search_term_string\"}}],\"inLanguage\":\"en-GB\"}]}<\/script>\n<!-- \/ Yoast SEO plugin. -->","yoast_head_json":{"title":"Exhibitions - Krsnakatha Dasi","description":"Exhibitions Krsnakatha Dasi - Exhibitions, Krsnakatha Dasi, Katalin Ubornyak, Original Oil Painting, Meditativ Art, Art, Fine Art,","robots":{"index":"index","follow":"follow","max-image-preview":"max-image-preview:large","max-video-preview":"max-video-preview:-1","snippet":"nosnippet"},"canonical":"https:\/\/krsnakathadasi.uk\/?page_id=27","og_locale":"en_GB","og_type":"article","og_title":"Exhibitions - Krsnakatha Dasi","og_description":"Exhibitions Krsnakatha Dasi - Exhibitions, Krsnakatha Dasi, Katalin Ubornyak, Original Oil Painting, Meditativ Art, Art, Fine Art,","og_url":"https:\/\/krsnakathadasi.uk\/?page_id=27","og_site_name":"Krsnakatha Dasi","article_modified_time":"2025-02-02T19:00:58+00:00","og_image":[{"url":"http:\/\/krsnakathadasi.uk\/wp-content\/uploads\/2020\/02\/IMG_1727-300x200.jpg","type":"","width":"","height":""}],"twitter_card":"summary_large_image","twitter_misc":{"Estimated reading time":"3 minutes"},"schema":{"@context":"https:\/\/schema.org","@graph":[{"@type":"WebPage","@id":"https:\/\/krsnakathadasi.uk\/?page_id=27","url":"https:\/\/krsnakathadasi.uk\/?page_id=27","name":"Exhibitions - Krsnakatha Dasi","isPartOf":{"@id":"https:\/\/krsnakathadasi.uk\/#website"},"primaryImageOfPage":{"@id":"https:\/\/krsnakathadasi.uk\/?page_id=27#primaryimage"},"image":{"@id":"https:\/\/krsnakathadasi.uk\/?page_id=27#primaryimage"},"thumbnailUrl":"http:\/\/krsnakathadasi.uk\/wp-content\/uploads\/2020\/02\/IMG_1727-300x200.jpg","datePublished":"2020-02-05T13:49:31+00:00","dateModified":"2025-02-02T19:00:58+00:00","description":"Exhibitions Krsnakatha Dasi - Exhibitions, Krsnakatha Dasi, Katalin Ubornyak, Original Oil Painting, Meditativ Art, Art, Fine Art,","breadcrumb":{"@id":"https:\/\/krsnakathadasi.uk\/?page_id=27#breadcrumb"},"inLanguage":"en-GB","potentialAction":[{"@type":"ReadAction","target":["https:\/\/krsnakathadasi.uk\/?page_id=27"]}]},{"@type":"ImageObject","inLanguage":"en-GB","@id":"https:\/\/krsnakathadasi.uk\/?page_id=27#primaryimage","url":"http:\/\/krsnakathadasi.uk\/wp-content\/uploads\/2020\/02\/IMG_1727-300x200.jpg","contentUrl":"http:\/\/krsnakathadasi.uk\/wp-content\/uploads\/2020\/02\/IMG_1727-300x200.jpg"},{"@type":"BreadcrumbList","@id":"https:\/\/krsnakathadasi.uk\/?page_id=27#breadcrumb","itemListElement":[{"@type":"ListItem","position":1,"name":"Home","item":"https:\/\/krsnakathadasi.uk\/"},{"@type":"ListItem","position":2,"name":"Exhibitions"}]},{"@type":"WebSite","@id":"https:\/\/krsnakathadasi.uk\/#website","url":"https:\/\/krsnakathadasi.uk\/","name":"krsnakathadasi.uk","description":"Visual Artist","alternateName":"Krsnakatha Dasi","potentialAction":[{"@type":"SearchAction","target":{"@type":"EntryPoint","urlTemplate":"https:\/\/krsnakathadasi.uk\/?s={search_term_string}"},"query-input":{"@type":"PropertyValueSpecification","valueRequired":true,"valueName":"search_term_string"}}],"inLanguage":"en-GB"}]}},"_links":{"self":[{"href":"https:\/\/krsnakathadasi.uk\/index.php?rest_route=\/wp\/v2\/pages\/27","targetHints":{"allow":["GET"]}}],"collection":[{"href":"https:\/\/krsnakathadasi.uk\/index.php?rest_route=\/wp\/v2\/pages"}],"about":[{"href":"https:\/\/krsnakathadasi.uk\/index.php?rest_route=\/wp\/v2\/types\/page"}],"author":[{"embeddable":true,"href":"https:\/\/krsnakathadasi.uk\/index.php?rest_route=\/wp\/v2\/users\/1"}],"replies":[{"embeddable":true,"href":"https:\/\/krsnakathadasi.uk\/index.php?rest_route=%2Fwp%2Fv2%2Fcomments&post=27"}],"version-history":[{"count":7,"href":"https:\/\/krsnakathadasi.uk\/index.php?rest_route=\/wp\/v2\/pages\/27\/revisions"}],"predecessor-version":[{"id":148,"href":"https:\/\/krsnakathadasi.uk\/index.php?rest_route=\/wp\/v2\/pages\/27\/revisions\/148"}],"wp:attachment":[{"href":"https:\/\/krsnakathadasi.uk\/index.php?rest_route=%2Fwp%2Fv2%2Fmedia&parent=27"}],"curies":[{"name":"wp","href":"https:\/\/api.w.org\/{rel}","templated":true}]}}